{"id":8622,"date":"2009-09-27T22:10:17","date_gmt":"2009-09-28T01:10:17","guid":{"rendered":"http:\/\/www.mistermag.com.br\/?page_id=8622"},"modified":"2016-04-24T22:57:21","modified_gmt":"2016-04-25T01:57:21","slug":"anuncie-no-site","status":"publish","type":"page","link":"https:\/\/magazine.newbrandtech.com.br\/?page_id=8622","title":{"rendered":"ANUNCIE NO SITE"},"content":{"rendered":"<p><strong>Anuncie no Mistermag<\/strong><\/p>\n<p>Obrigado por seu interesse em anunciar no mistermag.com.br, site direcionado ao universo masculino. Comportamento, moda, estilo, editoriais com os hits da esta\u00e7\u00e3o, cuidados com a apar\u00eancia e uma super sele\u00e7\u00e3o dos melhores lan\u00e7amentos de design, carros e gadgets est\u00e3o nas se\u00e7\u00f5es do Mistermag. Lan\u00e7ado em setembro de 2008 e atualizado diariamente, o site\u00a0tem como maior compromisso a presta\u00e7\u00e3o de servi\u00e7os e a simplifica\u00e7\u00e3o da linguagem de moda, tornando-a mais pr\u00f3xima e \u00fatil ao dia-dia de nossos leitores.<\/p>\n<p><strong>Por que anunciar conosco?<\/strong><\/p>\n<p>Se sua empresa comercializa roupas masculinas, cal\u00e7ados, j\u00f3ias, lingerie, itens\u00a0de beleza ou qualquer produto relacionado a ind\u00fastria da moda, esta \u00e9 uma grande oportunidade de melhorar o reconhecimento da sua marca na mente de homens conscientes e admiradores de moda e e estilo. O Mistermag\u00a0\u00e9 uma das melhores publica\u00e7\u00f5es dedicadas \u00e0 moda masculina, apar\u00eancia e estilo. Nos orgulhamos de nossa elevada qualidade de conte\u00fado, f\u00e1cil navega\u00e7\u00e3o e produ\u00e7\u00e3o de conte\u00fados exclusivos (que podem inclusive incluir seus produtos), proporcionando moda consciente, informa\u00e7\u00e3o e aconselhamento ao alcance dos homens.<\/p>\n<p><strong>Pacotes Personalizados<br \/>\n<\/strong><br \/>\nPodemos criar pacotes sob medida para as necessidades individuais ou prazos mais longos com um desconto sobre os pre\u00e7os de cada espa\u00e7o. Por favor, entre em contato para que possamos encontrar a melhor oferta para a sua empresa.<\/p>\n<p><strong>contato@mistermag.com.br<\/strong><\/p>\n","protected":false},"excerpt":{"rendered":"<p>Anuncie no Mistermag Obrigado por seu interesse em anunciar no mistermag.com.br, site direcionado ao universo masculino. Comportamento, moda, estilo, editoriais com os hits da esta\u00e7\u00e3o, cuidados com a apar\u00eancia e<\/p>\n","protected":false},"author":3,"featured_media":0,"parent":0,"menu_order":13,"comment_status":"closed","ping_status":"closed","template":"","meta":{"spay_email":"","footnotes":""},"class_list":["post-8622","page","type-page","status-publish","hentry"],"yoast_head":"<!-- This site is optimized with the Yoast SEO plugin v16.4 - https:\/\/yoast.com\/wordpress\/plugins\/seo\/ -->\n<title>ANUNCIE NO SITE - Mistermagazine<\/title>\n<meta name=\"robots\" content=\"index, follow, max-snippet:-1, max-image-preview:large, max-video-preview:-1\" \/>\n<link rel=\"canonical\" href=\"https:\/\/www.mistermagazine.com.br\/anuncie-no-site\/\" \/>\n<meta property=\"og:locale\" content=\"pt_BR\" \/>\n<meta property=\"og:type\" content=\"article\" \/>\n<meta property=\"og:title\" content=\"ANUNCIE NO SITE - Mistermagazine\" \/>\n<meta property=\"og:description\" content=\"Anuncie no Mistermag Obrigado por seu interesse em anunciar no mistermag.com.br, site direcionado ao universo masculino. Comportamento, moda, estilo, editoriais com os hits da esta\u00e7\u00e3o, cuidados com a apar\u00eancia e\" \/>\n<meta property=\"og:url\" content=\"https:\/\/www.mistermagazine.com.br\/anuncie-no-site\/\" \/>\n<meta property=\"og:site_name\" content=\"Mistermagazine\" \/>\n<meta property=\"article:publisher\" content=\"https:\/\/www.facebook.com\/Mistermagazinebr\/\" \/>\n<meta property=\"article:modified_time\" content=\"2016-04-25T01:57:21+00:00\" \/>\n<meta name=\"twitter:label1\" content=\"Est. tempo de leitura\" \/>\n\t<meta name=\"twitter:data1\" content=\"1 minuto\" \/>\n<script type=\"application\/ld+json\" class=\"yoast-schema-graph\">{\"@context\":\"https:\/\/schema.org\",\"@graph\":[{\"@type\":\"WebSite\",\"@id\":\"https:\/\/www.mistermagazine.com.br\/#website\",\"url\":\"https:\/\/www.mistermagazine.com.br\/\",\"name\":\"Mistermagazine\",\"description\":\"Consultoria de imagem e guia de estilo para homens\",\"potentialAction\":[{\"@type\":\"SearchAction\",\"target\":\"https:\/\/www.mistermagazine.com.br\/?s={search_term_string}\",\"query-input\":\"required name=search_term_string\"}],\"inLanguage\":\"pt-BR\"},{\"@type\":\"WebPage\",\"@id\":\"https:\/\/www.mistermagazine.com.br\/anuncie-no-site\/#webpage\",\"url\":\"https:\/\/www.mistermagazine.com.br\/anuncie-no-site\/\",\"name\":\"ANUNCIE NO SITE - Mistermagazine\",\"isPartOf\":{\"@id\":\"https:\/\/www.mistermagazine.com.br\/#website\"},\"datePublished\":\"2009-09-28T01:10:17+00:00\",\"dateModified\":\"2016-04-25T01:57:21+00:00\",\"breadcrumb\":{\"@id\":\"https:\/\/www.mistermagazine.com.br\/anuncie-no-site\/#breadcrumb\"},\"inLanguage\":\"pt-BR\",\"potentialAction\":[{\"@type\":\"ReadAction\",\"target\":[\"https:\/\/www.mistermagazine.com.br\/anuncie-no-site\/\"]}]},{\"@type\":\"BreadcrumbList\",\"@id\":\"https:\/\/www.mistermagazine.com.br\/anuncie-no-site\/#breadcrumb\",\"itemListElement\":[{\"@type\":\"ListItem\",\"position\":1,\"item\":{\"@type\":\"WebPage\",\"@id\":\"https:\/\/www.mistermagazine.com.br\/\",\"url\":\"https:\/\/www.mistermagazine.com.br\/\",\"name\":\"In\\u00edcio\"}},{\"@type\":\"ListItem\",\"position\":2,\"item\":{\"@id\":\"https:\/\/www.mistermagazine.com.br\/anuncie-no-site\/#webpage\"}}]}]}<\/script>\n<!-- \/ Yoast SEO plugin. -->","jetpack_shortlink":"https:\/\/wp.me\/P9wdid-2f4","jetpack_likes_enabled":true,"jetpack-related-posts":[],"jetpack_sharing_enabled":true,"amp_enabled":true,"_links":{"self":[{"href":"https:\/\/magazine.newbrandtech.com.br\/index.php?rest_route=\/wp\/v2\/pages\/8622","targetHints":{"allow":["GET"]}}],"collection":[{"href":"https:\/\/magazine.newbrandtech.com.br\/index.php?rest_route=\/wp\/v2\/pages"}],"about":[{"href":"https:\/\/magazine.newbrandtech.com.br\/index.php?rest_route=\/wp\/v2\/types\/page"}],"author":[{"embeddable":true,"href":"https:\/\/magazine.newbrandtech.com.br\/index.php?rest_route=\/wp\/v2\/users\/3"}],"replies":[{"embeddable":true,"href":"https:\/\/magazine.newbrandtech.com.br\/index.php?rest_route=%2Fwp%2Fv2%2Fcomments&post=8622"}],"version-history":[{"count":0,"href":"https:\/\/magazine.newbrandtech.com.br\/index.php?rest_route=\/wp\/v2\/pages\/8622\/revisions"}],"wp:attachment":[{"href":"https:\/\/magazine.newbrandtech.com.br\/index.php?rest_route=%2Fwp%2Fv2%2Fmedia&parent=8622"}],"curies":[{"name":"wp","href":"https:\/\/api.w.org\/{rel}","templated":true}]}}