{"id":8617,"date":"2009-09-27T22:06:46","date_gmt":"2009-09-28T01:06:46","guid":{"rendered":"http:\/\/www.mistermag.com.br\/?page_id=8617"},"modified":"2016-04-24T22:56:54","modified_gmt":"2016-04-25T01:56:54","slug":"fale-conosco","status":"publish","type":"page","link":"https:\/\/magazine.newbrandtech.com.br\/?page_id=8617","title":{"rendered":"FALE CONOSCO"},"content":{"rendered":"<p><strong>D\u00favidas e sugest\u00f5es<\/strong><\/p>\n<p>Alguma quest\u00e3o relacionada a estilo? D\u00favidas sobre a roupa ideal para ir a um determinado evento? Envie sua pergunta, juntamente com seu nome completo, para marcia<a href=\"mailto:editora@mistermag.com.br\">@mistermag.com.br<\/a>.<\/p>\n<p>Sugest\u00f5es de pauta, produtos, lugares e dicas que possam incrementar o universo masculino t\u00eam lugar garantido por aqui. Envie o material para o e-mail\u00a0<a href=\"mailto:editora@mistermag.com.br\">contato@mistermag.com.br<\/a>.<\/p>\n<p><strong>Upgrade mistermag<\/strong><\/p>\n<p>Inscri\u00e7\u00f5es para a se\u00e7\u00e3o\u00a0<strong>Upgrade Mistermag<\/strong> s\u00e3o muito bem vindas. Envie uma foto de rosto e outra de corpo inteiro para\u00a0<a href=\"mailto:upgrade@mistermag.com.br\">upgrade@mistermag.com.br<\/a>. N\u00e3o esque\u00e7a de mencionar o cr\u00e9dito do fot\u00f3grafo.<\/p>\n<p><strong>Links quebrados<\/strong><\/p>\n<p>Para reportar um link quebrado em nosso site, por favor, envie-nos um e-mail para contato@mistermag.com.br com o assunto\u00a0<strong><em>broken link<\/em><\/strong><\/p>\n<p><strong><em>Reda\u00e7\u00e3o Mistermag<\/em><\/strong><br \/>\n<strong><em>\u00a0<a href=\"mailto:editora@mistermag.com.br\">contato@mistermag.com.br<\/a>.<br \/>\n(61) 82126221<br \/>\n<\/em><\/strong><em> <\/em><em>Bras\u00edlia . DF\u00a0<\/em><\/p>\n","protected":false},"excerpt":{"rendered":"<p>D\u00favidas e sugest\u00f5es Alguma quest\u00e3o relacionada a estilo? D\u00favidas sobre a roupa ideal para ir a um determinado evento? Envie sua pergunta, juntamente com seu nome completo, para marcia@mistermag.com.br. Sugest\u00f5es<\/p>\n","protected":false},"author":3,"featured_media":0,"parent":0,"menu_order":12,"comment_status":"closed","ping_status":"closed","template":"","meta":{"spay_email":"","footnotes":""},"class_list":["post-8617","page","type-page","status-publish","hentry"],"yoast_head":"<!-- This site is optimized with the Yoast SEO plugin v16.4 - https:\/\/yoast.com\/wordpress\/plugins\/seo\/ -->\n<title>FALE CONOSCO - Mistermagazine<\/title>\n<meta name=\"robots\" content=\"index, follow, max-snippet:-1, max-image-preview:large, max-video-preview:-1\" \/>\n<link rel=\"canonical\" href=\"https:\/\/www.mistermagazine.com.br\/fale-conosco\/\" \/>\n<meta property=\"og:locale\" content=\"pt_BR\" \/>\n<meta property=\"og:type\" content=\"article\" \/>\n<meta property=\"og:title\" content=\"FALE CONOSCO - Mistermagazine\" \/>\n<meta property=\"og:description\" content=\"D\u00favidas e sugest\u00f5es Alguma quest\u00e3o relacionada a estilo? D\u00favidas sobre a roupa ideal para ir a um determinado evento? Envie sua pergunta, juntamente com seu nome completo, para marcia@mistermag.com.br. Sugest\u00f5es\" \/>\n<meta property=\"og:url\" content=\"https:\/\/www.mistermagazine.com.br\/fale-conosco\/\" \/>\n<meta property=\"og:site_name\" content=\"Mistermagazine\" \/>\n<meta property=\"article:publisher\" content=\"https:\/\/www.facebook.com\/Mistermagazinebr\/\" \/>\n<meta property=\"article:modified_time\" content=\"2016-04-25T01:56:54+00:00\" \/>\n<meta name=\"twitter:label1\" content=\"Est. tempo de leitura\" \/>\n\t<meta name=\"twitter:data1\" content=\"1 minuto\" \/>\n<script type=\"application\/ld+json\" class=\"yoast-schema-graph\">{\"@context\":\"https:\/\/schema.org\",\"@graph\":[{\"@type\":\"WebSite\",\"@id\":\"https:\/\/www.mistermagazine.com.br\/#website\",\"url\":\"https:\/\/www.mistermagazine.com.br\/\",\"name\":\"Mistermagazine\",\"description\":\"Consultoria de imagem e guia de estilo para homens\",\"potentialAction\":[{\"@type\":\"SearchAction\",\"target\":\"https:\/\/www.mistermagazine.com.br\/?s={search_term_string}\",\"query-input\":\"required name=search_term_string\"}],\"inLanguage\":\"pt-BR\"},{\"@type\":\"WebPage\",\"@id\":\"https:\/\/www.mistermagazine.com.br\/fale-conosco\/#webpage\",\"url\":\"https:\/\/www.mistermagazine.com.br\/fale-conosco\/\",\"name\":\"FALE CONOSCO - Mistermagazine\",\"isPartOf\":{\"@id\":\"https:\/\/www.mistermagazine.com.br\/#website\"},\"datePublished\":\"2009-09-28T01:06:46+00:00\",\"dateModified\":\"2016-04-25T01:56:54+00:00\",\"breadcrumb\":{\"@id\":\"https:\/\/www.mistermagazine.com.br\/fale-conosco\/#breadcrumb\"},\"inLanguage\":\"pt-BR\",\"potentialAction\":[{\"@type\":\"ReadAction\",\"target\":[\"https:\/\/www.mistermagazine.com.br\/fale-conosco\/\"]}]},{\"@type\":\"BreadcrumbList\",\"@id\":\"https:\/\/www.mistermagazine.com.br\/fale-conosco\/#breadcrumb\",\"itemListElement\":[{\"@type\":\"ListItem\",\"position\":1,\"item\":{\"@type\":\"WebPage\",\"@id\":\"https:\/\/www.mistermagazine.com.br\/\",\"url\":\"https:\/\/www.mistermagazine.com.br\/\",\"name\":\"In\\u00edcio\"}},{\"@type\":\"ListItem\",\"position\":2,\"item\":{\"@id\":\"https:\/\/www.mistermagazine.com.br\/fale-conosco\/#webpage\"}}]}]}<\/script>\n<!-- \/ Yoast SEO plugin. -->","jetpack_shortlink":"https:\/\/wp.me\/P9wdid-2eZ","jetpack_likes_enabled":true,"jetpack-related-posts":[],"jetpack_sharing_enabled":true,"amp_enabled":true,"_links":{"self":[{"href":"https:\/\/magazine.newbrandtech.com.br\/index.php?rest_route=\/wp\/v2\/pages\/8617","targetHints":{"allow":["GET"]}}],"collection":[{"href":"https:\/\/magazine.newbrandtech.com.br\/index.php?rest_route=\/wp\/v2\/pages"}],"about":[{"href":"https:\/\/magazine.newbrandtech.com.br\/index.php?rest_route=\/wp\/v2\/types\/page"}],"author":[{"embeddable":true,"href":"https:\/\/magazine.newbrandtech.com.br\/index.php?rest_route=\/wp\/v2\/users\/3"}],"replies":[{"embeddable":true,"href":"https:\/\/magazine.newbrandtech.com.br\/index.php?rest_route=%2Fwp%2Fv2%2Fcomments&post=8617"}],"version-history":[{"count":0,"href":"https:\/\/magazine.newbrandtech.com.br\/index.php?rest_route=\/wp\/v2\/pages\/8617\/revisions"}],"wp:attachment":[{"href":"https:\/\/magazine.newbrandtech.com.br\/index.php?rest_route=%2Fwp%2Fv2%2Fmedia&parent=8617"}],"curies":[{"name":"wp","href":"https:\/\/api.w.org\/{rel}","templated":true}]}}