{"id":6353,"date":"2008-07-17T19:26:29","date_gmt":"2008-07-17T22:26:29","guid":{"rendered":"http:\/\/www.mistermag.com.br\/?page_id=2"},"modified":"2018-03-15T20:02:10","modified_gmt":"2018-03-15T23:02:10","slug":"quem-somos","status":"publish","type":"page","link":"https:\/\/magazine.newbrandtech.com.br\/?page_id=6353","title":{"rendered":"Quem sou"},"content":{"rendered":"<p>Ol\u00e1! Sou M\u00e1rcia Rocha, uma apaixonada por moda e estilo masculinos. H\u00e1 9 anos mantenho no ar o\u00a0<strong>Mistermagazine, <\/strong>minha plataforma de difus\u00e3o de informa\u00e7\u00f5es sobre consultoria de imagem masculina. O site tem como proposta descomplicar c\u00f3digos de estilo masculino e adequ\u00e1-los a vida pr\u00e1tica, com dicas acess\u00edveis e que possam ser incorporadas a sua rotina. A id\u00e9ia aqui n\u00e3o \u00e9 lidar com padr\u00f5es est\u00e9ticos surrealistas e nem com imagens idealizadas, mas ajud\u00e1-lo a vestir o corpo, o <strong>SEU corpo, vestir quem voc\u00ea \u00e9.\u00a0<\/strong>Apesar de representar um nicho em franca expans\u00e3o, o mercado de moda masculina, (leia-se comportamento, estilo e consumo), ainda \u00e9 carente de ve\u00edculos que simplifiquem\u00a0as informa\u00e7\u00f5es e que consigam atingir, com mat\u00e9rias \u00fateis e de aplica\u00e7\u00e3o imediata, o dia-dia do leitor.<\/p>\n<h4>Como surgiu o Mistermagazine<\/h4>\n<p>O site \u00e9 fruto de uma longa pesquisa \u00e0 procura\u00a0de um formato que atendesse a demanda que eu percebi que existia. Isso levou mais ou menos uns quatro anos e no in\u00edcio, por causa da minha experi\u00eancia de seis anos na editoria de moda do Jornal de Bras\u00edlia, pensei no <strong>Mistermagazine<\/strong> como uma revista impressa mensal. Mas logo percebi que a m\u00e1scara e a interatividade da internet eram justamente o que eu precisava para atingir um p\u00fablico maior e mais espec\u00edfico. Ent\u00e3o, aqui estamos!<\/p>\n<p><strong><a href=\"http:\/\/www.mistermag.com.br\/wp-content\/uploads\/2014\/04\/me.jpg\"><img loading=\"lazy\" decoding=\"async\" data-attachment-id=\"43642\" data-permalink=\"https:\/\/magazine.newbrandtech.com.br\/?attachment_id=43642\" data-orig-file=\"https:\/\/magazine.newbrandtech.com.br\/wp-content\/uploads\/2014\/04\/me.jpg\" data-orig-size=\"674,762\" data-comments-opened=\"1\" data-image-meta=\"{&quot;aperture&quot;:&quot;0&quot;,&quot;credit&quot;:&quot;&quot;,&quot;camera&quot;:&quot;&quot;,&quot;caption&quot;:&quot;&quot;,&quot;created_timestamp&quot;:&quot;0&quot;,&quot;copyright&quot;:&quot;&quot;,&quot;focal_length&quot;:&quot;0&quot;,&quot;iso&quot;:&quot;0&quot;,&quot;shutter_speed&quot;:&quot;0&quot;,&quot;title&quot;:&quot;&quot;}\" data-image-title=\"me\" data-image-description=\"\" data-medium-file=\"https:\/\/magazine.newbrandtech.com.br\/wp-content\/uploads\/2014\/04\/me-265x300.jpg\" data-large-file=\"https:\/\/magazine.newbrandtech.com.br\/wp-content\/uploads\/2014\/04\/me.jpg\" class=\"alignright wp-image-43642 size-medium\" src=\"http:\/\/www.mistermag.com.br\/wp-content\/uploads\/2014\/04\/me-265x300.jpg\" alt=\"Marcia Rocha \" width=\"265\" height=\"300\" srcset=\"https:\/\/magazine.newbrandtech.com.br\/wp-content\/uploads\/2014\/04\/me-265x300.jpg 265w, https:\/\/magazine.newbrandtech.com.br\/wp-content\/uploads\/2014\/04\/me-600x678.jpg 600w, https:\/\/magazine.newbrandtech.com.br\/wp-content\/uploads\/2014\/04\/me-48x55.jpg 48w, https:\/\/magazine.newbrandtech.com.br\/wp-content\/uploads\/2014\/04\/me.jpg 674w\" sizes=\"auto, (max-width: 265px) 100vw, 265px\" \/><\/a><\/strong><\/p>\n<p style=\"color: #444444;\">Em paralelo, atuei como produtora, jornalista e editora de moda e na dire\u00e7\u00e3o art\u00edstica de eventos de moda. Fui editora de moda do Jornal de Bras\u00edlia, diretora art\u00edstica e coordenadora do projeto de novos talentos do Capital Fashion Week, maior evento de moda do Centro-Oeste. Atuei no desenvolvimento de cole\u00e7\u00f5es e no desenvolvimento conceitual e na produ\u00e7\u00e3o de campanhas para marcas masculinas e femininas de Bras\u00edlia, como Avanzzo, Summershop, Jukaf, 2Tempos e Nyll Fui editora de moda de diversas revistas de Bras\u00edlia. Estudei Moda na Universidade Anhembi Morumbi, em S\u00e3o Paulo e tenho cursos de extens\u00e3o em jornalismo de moda, produ\u00e7\u00e3o de figurino para artistas e\u00a0<em>personal styling<\/em>\u00a0masculino.<\/p>\n<p style=\"color: #444444;\">Desde 2001, me dedico ao estudo do guarda-roupa masculino e da Consultoria de Imagem para homens.<\/p>\n<h4>Quer saber mais?<\/h4>\n<p><a href=\"https:\/\/www.magazine.newbrandtech.com.br\/contrate-a-consultoria-de-imagem-masculina\/\"><strong>Clique aqui para saber como funciona a Consultoria de Imagem para Homens<\/strong><\/a><\/p>\n<p><a href=\"https:\/\/www.magazine.newbrandtech.com.br\/analise-de-formato-de-rosto\/\"><strong>E aqui para contratar a An\u00e1lise de Formato de Rosto, muito \u00fatil para quem pretende mudar a arma\u00e7\u00e3o, o corte de cabelo ou amenizar a calv\u00edcie.\u00a0<\/strong><\/a><\/p>\n<p><strong>Saiba + no <a href=\"https:\/\/www.linkedin.com\/in\/marcia-rocha-b37b0860\/\" target=\"_blank\" rel=\"noopener\">Linkedin<\/a>.\u00a0<\/strong><\/p>\n<p><a href=\"https:\/\/www.instagram.com\/mistermagazinebr\/\">Siga o\u00a0<strong>Mistermagazine\u00a0<\/strong>no Instagram!<\/a><\/p>\n<p>Entre em contato comigo pelo\u00a0<strong>marcia@mistermag.com.br.\u00a0<\/strong><\/p>\n<p>&nbsp;<\/p>\n","protected":false},"excerpt":{"rendered":"<p>Ol\u00e1! Sou M\u00e1rcia Rocha, uma apaixonada por moda e estilo masculinos. H\u00e1 9 anos mantenho no ar o\u00a0Mistermagazine, minha plataforma de difus\u00e3o de informa\u00e7\u00f5es sobre consultoria de imagem masculina. O<\/p>\n","protected":false},"author":3,"featured_media":43757,"parent":0,"menu_order":11,"comment_status":"closed","ping_status":"closed","template":"","meta":{"spay_email":"","footnotes":""},"class_list":["post-6353","page","type-page","status-publish","has-post-thumbnail","hentry"],"yoast_head":"<!-- This site is optimized with the Yoast SEO plugin v16.4 - https:\/\/yoast.com\/wordpress\/plugins\/seo\/ -->\n<title>Quem sou - Mistermagazine<\/title>\n<meta name=\"description\" content=\"Encontre seu estilo e mude sua imagem sem gastar uma fortuna. Pacotes presenciais e atendimento a dist\u00e2ncia. Consultoria especial para noivos.\" \/>\n<meta name=\"robots\" content=\"index, follow, max-snippet:-1, max-image-preview:large, max-video-preview:-1\" \/>\n<link rel=\"canonical\" href=\"https:\/\/www.mistermagazine.com.br\/quem-somos\/\" \/>\n<meta property=\"og:locale\" content=\"pt_BR\" \/>\n<meta property=\"og:type\" content=\"article\" \/>\n<meta property=\"og:title\" content=\"Quem sou - Mistermagazine\" \/>\n<meta property=\"og:description\" content=\"Encontre seu estilo e mude sua imagem sem gastar uma fortuna. Pacotes presenciais e atendimento a dist\u00e2ncia. Consultoria especial para noivos.\" \/>\n<meta property=\"og:url\" content=\"https:\/\/www.mistermagazine.com.br\/quem-somos\/\" \/>\n<meta property=\"og:site_name\" content=\"Mistermagazine\" \/>\n<meta property=\"article:publisher\" content=\"https:\/\/www.facebook.com\/Mistermagazinebr\/\" \/>\n<meta property=\"article:modified_time\" content=\"2018-03-15T23:02:10+00:00\" \/>\n<meta property=\"og:image\" content=\"https:\/\/www.mistermagazine.com.br\/wp-content\/uploads\/2008\/07\/quem-somos-mistermag-1.jpg\" \/>\n\t<meta property=\"og:image:width\" content=\"560\" \/>\n\t<meta property=\"og:image:height\" content=\"371\" \/>\n<meta name=\"twitter:label1\" content=\"Est. tempo de leitura\" \/>\n\t<meta name=\"twitter:data1\" content=\"2 minutos\" \/>\n<script type=\"application\/ld+json\" class=\"yoast-schema-graph\">{\"@context\":\"https:\/\/schema.org\",\"@graph\":[{\"@type\":\"WebSite\",\"@id\":\"https:\/\/www.mistermagazine.com.br\/#website\",\"url\":\"https:\/\/www.mistermagazine.com.br\/\",\"name\":\"Mistermagazine\",\"description\":\"Consultoria de imagem e guia de estilo para homens\",\"potentialAction\":[{\"@type\":\"SearchAction\",\"target\":\"https:\/\/www.mistermagazine.com.br\/?s={search_term_string}\",\"query-input\":\"required name=search_term_string\"}],\"inLanguage\":\"pt-BR\"},{\"@type\":\"ImageObject\",\"@id\":\"https:\/\/www.mistermagazine.com.br\/quem-somos\/#primaryimage\",\"inLanguage\":\"pt-BR\",\"url\":\"https:\/\/magazine.newbrandtech.com.br\/wp-content\/uploads\/2008\/07\/quem-somos-mistermag-1.jpg\",\"contentUrl\":\"https:\/\/magazine.newbrandtech.com.br\/wp-content\/uploads\/2008\/07\/quem-somos-mistermag-1.jpg\",\"width\":560,\"height\":371},{\"@type\":\"WebPage\",\"@id\":\"https:\/\/www.mistermagazine.com.br\/quem-somos\/#webpage\",\"url\":\"https:\/\/www.mistermagazine.com.br\/quem-somos\/\",\"name\":\"Quem sou - Mistermagazine\",\"isPartOf\":{\"@id\":\"https:\/\/www.mistermagazine.com.br\/#website\"},\"primaryImageOfPage\":{\"@id\":\"https:\/\/www.mistermagazine.com.br\/quem-somos\/#primaryimage\"},\"datePublished\":\"2008-07-17T22:26:29+00:00\",\"dateModified\":\"2018-03-15T23:02:10+00:00\",\"description\":\"Encontre seu estilo e mude sua imagem sem gastar uma fortuna. Pacotes presenciais e atendimento a dist\\u00e2ncia. Consultoria especial para noivos.\",\"breadcrumb\":{\"@id\":\"https:\/\/www.mistermagazine.com.br\/quem-somos\/#breadcrumb\"},\"inLanguage\":\"pt-BR\",\"potentialAction\":[{\"@type\":\"ReadAction\",\"target\":[\"https:\/\/www.mistermagazine.com.br\/quem-somos\/\"]}]},{\"@type\":\"BreadcrumbList\",\"@id\":\"https:\/\/www.mistermagazine.com.br\/quem-somos\/#breadcrumb\",\"itemListElement\":[{\"@type\":\"ListItem\",\"position\":1,\"item\":{\"@type\":\"WebPage\",\"@id\":\"https:\/\/www.mistermagazine.com.br\/\",\"url\":\"https:\/\/www.mistermagazine.com.br\/\",\"name\":\"In\\u00edcio\"}},{\"@type\":\"ListItem\",\"position\":2,\"item\":{\"@id\":\"https:\/\/www.mistermagazine.com.br\/quem-somos\/#webpage\"}}]}]}<\/script>\n<!-- \/ Yoast SEO plugin. -->","jetpack_shortlink":"https:\/\/wp.me\/P9wdid-1Et","jetpack_likes_enabled":true,"jetpack-related-posts":[],"jetpack_sharing_enabled":true,"amp_enabled":true,"_links":{"self":[{"href":"https:\/\/magazine.newbrandtech.com.br\/index.php?rest_route=\/wp\/v2\/pages\/6353","targetHints":{"allow":["GET"]}}],"collection":[{"href":"https:\/\/magazine.newbrandtech.com.br\/index.php?rest_route=\/wp\/v2\/pages"}],"about":[{"href":"https:\/\/magazine.newbrandtech.com.br\/index.php?rest_route=\/wp\/v2\/types\/page"}],"author":[{"embeddable":true,"href":"https:\/\/magazine.newbrandtech.com.br\/index.php?rest_route=\/wp\/v2\/users\/3"}],"replies":[{"embeddable":true,"href":"https:\/\/magazine.newbrandtech.com.br\/index.php?rest_route=%2Fwp%2Fv2%2Fcomments&post=6353"}],"version-history":[{"count":0,"href":"https:\/\/magazine.newbrandtech.com.br\/index.php?rest_route=\/wp\/v2\/pages\/6353\/revisions"}],"wp:featuredmedia":[{"embeddable":true,"href":"https:\/\/magazine.newbrandtech.com.br\/index.php?rest_route=\/wp\/v2\/media\/43757"}],"wp:attachment":[{"href":"https:\/\/magazine.newbrandtech.com.br\/index.php?rest_route=%2Fwp%2Fv2%2Fmedia&parent=6353"}],"curies":[{"name":"wp","href":"https:\/\/api.w.org\/{rel}","templated":true}]}}