{"id":45982,"date":"2016-04-25T17:06:20","date_gmt":"2016-04-25T20:06:20","guid":{"rendered":"https:\/\/www.magazine.newbrandtech.com.br\/?page_id=45982"},"modified":"2019-03-04T22:34:10","modified_gmt":"2019-03-05T01:34:10","slug":"contrate-a-consultoria-de-imagem-masculina","status":"publish","type":"page","link":"https:\/\/magazine.newbrandtech.com.br\/?page_id=45982","title":{"rendered":"Transforme a sua apar\u00eancia"},"content":{"rendered":"<p>Sempre recebo uma por\u00e7\u00e3o de emails perguntando sobre como funciona a <strong>Consultoria de Imagem<\/strong>, ent\u00e3o, selecionei as perguntas mais frequentes para que fique mais f\u00e1cil de compreender como \u00e9 esse processo.<\/p>\n<h4><img loading=\"lazy\" decoding=\"async\" data-attachment-id=\"47400\" data-permalink=\"https:\/\/magazine.newbrandtech.com.br\/?attachment_id=47400\" data-orig-file=\"https:\/\/magazine.newbrandtech.com.br\/wp-content\/uploads\/2019\/02\/abre-costume-sem-gravata.jpg\" data-orig-size=\"760,492\" data-comments-opened=\"1\" data-image-meta=\"{&quot;aperture&quot;:&quot;0&quot;,&quot;credit&quot;:&quot;&quot;,&quot;camera&quot;:&quot;&quot;,&quot;caption&quot;:&quot;&quot;,&quot;created_timestamp&quot;:&quot;0&quot;,&quot;copyright&quot;:&quot;&quot;,&quot;focal_length&quot;:&quot;0&quot;,&quot;iso&quot;:&quot;0&quot;,&quot;shutter_speed&quot;:&quot;0&quot;,&quot;title&quot;:&quot;&quot;,&quot;orientation&quot;:&quot;0&quot;}\" data-image-title=\"abre-costume-sem-gravata\" data-image-description=\"\" data-medium-file=\"https:\/\/magazine.newbrandtech.com.br\/wp-content\/uploads\/2019\/02\/abre-costume-sem-gravata-300x194.jpg\" data-large-file=\"https:\/\/magazine.newbrandtech.com.br\/wp-content\/uploads\/2019\/02\/abre-costume-sem-gravata.jpg\" class=\"alignnone size-full wp-image-47400\" src=\"https:\/\/www.magazine.newbrandtech.com.br\/wp-content\/uploads\/2019\/02\/abre-costume-sem-gravata.jpg\" alt=\"\" width=\"760\" height=\"492\" srcset=\"https:\/\/magazine.newbrandtech.com.br\/wp-content\/uploads\/2019\/02\/abre-costume-sem-gravata.jpg 760w, https:\/\/magazine.newbrandtech.com.br\/wp-content\/uploads\/2019\/02\/abre-costume-sem-gravata-370x241.jpg 370w, https:\/\/magazine.newbrandtech.com.br\/wp-content\/uploads\/2019\/02\/abre-costume-sem-gravata-300x194.jpg 300w\" sizes=\"auto, (max-width: 760px) 100vw, 760px\" \/><\/h4>\n<h4>1. O que \u00e9 e como funciona a Consultoria de Imagem?<\/h4>\n<p>Antes de tudo, a <strong>Consultoria de Imagem<\/strong> \u00e9 um processo de auto-conhecimento e entendimento da sua imagem. Nada tem a ver com os gostos do profissional contratado para lhe guiar atrav\u00e9s do processo, mas sim com as <span style=\"text-decoration: underline;\">suas caracter\u00edsticas f\u00edsicas<\/span>, com aquilo de que <span style=\"text-decoration: underline;\">voc\u00ea<\/span> gosta, com o seu cotidiano. Por meio da Consultoria de Imagem a gente aprende a utilizar os c\u00f3digos de apar\u00eancia e do comportamento de modo a destacar seus pontos fortes, valorizar seu tipo f\u00edsico e a mensagem que voc\u00ea deseja transmitir \u00e0s outras pessoas.<\/p>\n<h4>2. \u00c9 a mesma coisa que <em>Personal Styling<\/em>?<\/h4>\n<p>N\u00e3o. Embora o <em>Personal Stylist<\/em> tamb\u00e9m trabalhe as caracter\u00edsticas f\u00edsicas do cliente, esse profissional \u00e9 contratado para vestir uma pessoa para um evento espec\u00edfico. Por exemplo: um casamento ou uma apresenta\u00e7\u00e3o art\u00edstica.<\/p>\n<h4>3. Esse servi\u00e7o \u00e9 indicado para quem?<\/h4>\n<p>Para qualquer pessoa que queira adequar sua imagem \u00e0 mensagem que deseja transmitir, a quem busca otimizar o guarda-roupas, ou pessoas que passaram ou est\u00e3o passando por uma mudan\u00e7a de vida, como uma promo\u00e7\u00e3o, o fim de um relacionamento, perda de peso.. Na verdade, n\u00e3o h\u00e1 regras. A gente n\u00e3o aprende a vestir o corpo que temos, a se preocupar com a imagem. Homens s\u00e3o vestidos pelas m\u00e3es, passam a ser vestidos pelas namoradas e depois pelas esposas. Dificilmente um cara \u00e9 livre e se preocupa com a apar\u00eancia espontaneamente. \u00c9 mais comum do que se pode imaginar vestir roupas um n\u00famero ou dois a mais, por exemplo.<\/p>\n<h4><img loading=\"lazy\" decoding=\"async\" data-attachment-id=\"47049\" data-permalink=\"https:\/\/magazine.newbrandtech.com.br\/?attachment_id=47049\" data-orig-file=\"https:\/\/magazine.newbrandtech.com.br\/wp-content\/uploads\/2018\/01\/roupa-de-trabalho-16.jpg\" data-orig-size=\"680,906\" data-comments-opened=\"1\" data-image-meta=\"{&quot;aperture&quot;:&quot;0&quot;,&quot;credit&quot;:&quot;&quot;,&quot;camera&quot;:&quot;&quot;,&quot;caption&quot;:&quot;&quot;,&quot;created_timestamp&quot;:&quot;0&quot;,&quot;copyright&quot;:&quot;&quot;,&quot;focal_length&quot;:&quot;0&quot;,&quot;iso&quot;:&quot;0&quot;,&quot;shutter_speed&quot;:&quot;0&quot;,&quot;title&quot;:&quot;&quot;,&quot;orientation&quot;:&quot;0&quot;}\" data-image-title=\"roupa-de-trabalho-16\" data-image-description=\"\" data-medium-file=\"https:\/\/magazine.newbrandtech.com.br\/wp-content\/uploads\/2018\/01\/roupa-de-trabalho-16-225x300.jpg\" data-large-file=\"https:\/\/magazine.newbrandtech.com.br\/wp-content\/uploads\/2018\/01\/roupa-de-trabalho-16.jpg\" class=\"alignnone size-full wp-image-47049\" src=\"https:\/\/www.magazine.newbrandtech.com.br\/wp-content\/uploads\/2018\/01\/roupa-de-trabalho-16.jpg\" alt=\"\" width=\"680\" height=\"906\" srcset=\"https:\/\/magazine.newbrandtech.com.br\/wp-content\/uploads\/2018\/01\/roupa-de-trabalho-16.jpg 680w, https:\/\/magazine.newbrandtech.com.br\/wp-content\/uploads\/2018\/01\/roupa-de-trabalho-16-225x300.jpg 225w\" sizes=\"auto, (max-width: 680px) 100vw, 680px\" \/><\/h4>\n<h4>4. Quantas etapas s\u00e3o?<\/h4>\n<p>Come\u00e7a com uma entrevista em que s\u00e3o investigadas as inclina\u00e7\u00f5es de estilo, depois h\u00e1 a an\u00e1lise de tipo corporal e da colora\u00e7\u00e3o de pele, a edi\u00e7\u00e3o do guarda-roupas, planejamento de compras e a montagem de looks que servem de base para futuras produ\u00e7\u00f5es.<\/p>\n<h4>5. Vou ter que jogar todo o meu guarda-roupa fora?<\/h4>\n<p>De jeito nenhum. Um trabalho <span style=\"text-decoration: underline;\"><strong>s\u00e9rio<\/strong><\/span> leva em considera\u00e7\u00e3o ajustes, reciclagem e, principalmente, aquilo que favorece o cliente. As roupas descartadas (normalmente doadas ou vendidas) s\u00e3o aquelas que n\u00e3o se encaixam nessa nova proposta, ou que est\u00e3o desgastadas&#8230; Tudo \u00e9 realizado com o seu consentimento.<\/p>\n<h4>6. Vou ter que comprar roupa?<\/h4>\n<p>Normalmente, gra\u00e7as ao descarte de algumas pe\u00e7as, a gente v\u00ea a necessidade de reposi\u00e7\u00e3o para que o guarda-roupa torne-se\u00a0vers\u00e1til e possa lhe servir mais e melhor. Isso n\u00e3o tem nada a ver com roupas de marca ou pe\u00e7as caras. Aprender a comprar menos e melhor \u00e9 um dos objetivos da nossa consultoria de imagem.<\/p>\n<h4>7.\u00a0H\u00e1 uma verba m\u00ednima para ser investida em compras?<\/h4>\n<p class=\"font_7\">Durante a consultoria, iremos JUNTOS perceber as necessidades, que s\u00e3o estabelecidas a partir do que voc\u00ea precisaria para maximizar seu guarda-roupas e torn\u00e1-lo mais vers\u00e1til e a partir da\u00ed as compras s\u00e3o realizadas de acordo com o que voc\u00ea pode investir e da maneira que pode. O mais importante \u00e9 que voc\u00ea aprender\u00e1 a comprar, portanto, poder\u00e1 futuramente estabelecer voc\u00ea mesmo essas demandas com seguran\u00e7a e tranquilidade.<\/p>\n<h4 class=\"font_7\">8. Mas eu n\u00e3o gosto de moda. Vou ter que usar roupa que est\u00e1 na moda?<\/h4>\n<p>N\u00e3o. O consultor de imagem \u00e9 diferente do consultor de moda, que adapta o seu corpo \u00e0s tend\u00eancias da moda. Invariavelmente uma volta pelo shopping vai significar um encontro com aquilo que &#8220;\u00e9 tend\u00eancia&#8221;. Mas lembre-se de que na Consultoria de Imagem tudo \u00e9 realizado em fun\u00e7\u00e3o de voc\u00ea e n\u00e3o do que est\u00e1 ou n\u00e3o na moda.<\/p>\n<figure id=\"attachment_43629\" aria-describedby=\"caption-attachment-43629\" style=\"width: 280px\" class=\"wp-caption alignnone\"><a href=\"http:\/\/www.mistermag.com.br\/wp-content\/uploads\/2014\/04\/consultoria-de-imagem-1.jpg\"><img loading=\"lazy\" decoding=\"async\" data-attachment-id=\"43629\" data-permalink=\"https:\/\/magazine.newbrandtech.com.br\/?attachment_id=43629\" data-orig-file=\"https:\/\/magazine.newbrandtech.com.br\/wp-content\/uploads\/2014\/04\/consultoria-de-imagem-1.jpg\" data-orig-size=\"280,421\" data-comments-opened=\"1\" data-image-meta=\"{&quot;aperture&quot;:&quot;0&quot;,&quot;credit&quot;:&quot;&quot;,&quot;camera&quot;:&quot;&quot;,&quot;caption&quot;:&quot;&quot;,&quot;created_timestamp&quot;:&quot;0&quot;,&quot;copyright&quot;:&quot;&quot;,&quot;focal_length&quot;:&quot;0&quot;,&quot;iso&quot;:&quot;0&quot;,&quot;shutter_speed&quot;:&quot;0&quot;,&quot;title&quot;:&quot;&quot;}\" data-image-title=\"consultoria-de-imagem-1\" data-image-description=\"\" data-medium-file=\"https:\/\/magazine.newbrandtech.com.br\/wp-content\/uploads\/2014\/04\/consultoria-de-imagem-1-199x300.jpg\" data-large-file=\"https:\/\/magazine.newbrandtech.com.br\/wp-content\/uploads\/2014\/04\/consultoria-de-imagem-1.jpg\" class=\"wp-image-43629 size-full\" src=\"https:\/\/www.magazine.newbrandtech.com.br\/wp-content\/uploads\/2014\/04\/consultoria-de-imagem-1.jpg\" alt=\"consultoria-de-imagem-1\" width=\"280\" height=\"421\" srcset=\"https:\/\/magazine.newbrandtech.com.br\/wp-content\/uploads\/2014\/04\/consultoria-de-imagem-1.jpg 280w, https:\/\/magazine.newbrandtech.com.br\/wp-content\/uploads\/2014\/04\/consultoria-de-imagem-1-199x300.jpg 199w, https:\/\/magazine.newbrandtech.com.br\/wp-content\/uploads\/2014\/04\/consultoria-de-imagem-1-36x55.jpg 36w\" sizes=\"auto, (max-width: 280px) 100vw, 280px\" \/><\/a><figcaption id=\"caption-attachment-43629\" class=\"wp-caption-text\">ANTES&#8230;<\/figcaption><\/figure>\n<figure id=\"attachment_43630\" aria-describedby=\"caption-attachment-43630\" style=\"width: 280px\" class=\"wp-caption alignnone\"><a href=\"http:\/\/www.mistermag.com.br\/wp-content\/uploads\/2014\/04\/consultoria-de-imagem-2.jpg\"><img loading=\"lazy\" decoding=\"async\" data-attachment-id=\"43630\" data-permalink=\"https:\/\/magazine.newbrandtech.com.br\/?attachment_id=43630\" data-orig-file=\"https:\/\/magazine.newbrandtech.com.br\/wp-content\/uploads\/2014\/04\/consultoria-de-imagem-2.jpg\" data-orig-size=\"280,421\" data-comments-opened=\"1\" data-image-meta=\"{&quot;aperture&quot;:&quot;0&quot;,&quot;credit&quot;:&quot;&quot;,&quot;camera&quot;:&quot;&quot;,&quot;caption&quot;:&quot;&quot;,&quot;created_timestamp&quot;:&quot;0&quot;,&quot;copyright&quot;:&quot;&quot;,&quot;focal_length&quot;:&quot;0&quot;,&quot;iso&quot;:&quot;0&quot;,&quot;shutter_speed&quot;:&quot;0&quot;,&quot;title&quot;:&quot;&quot;}\" data-image-title=\"consultoria-de-imagem-2\" data-image-description=\"\" data-medium-file=\"https:\/\/magazine.newbrandtech.com.br\/wp-content\/uploads\/2014\/04\/consultoria-de-imagem-2-199x300.jpg\" data-large-file=\"https:\/\/magazine.newbrandtech.com.br\/wp-content\/uploads\/2014\/04\/consultoria-de-imagem-2.jpg\" class=\"wp-image-43630 size-full\" src=\"https:\/\/www.magazine.newbrandtech.com.br\/wp-content\/uploads\/2014\/04\/consultoria-de-imagem-2.jpg\" alt=\"consultoria-de-imagem-2\" width=\"280\" height=\"421\" srcset=\"https:\/\/magazine.newbrandtech.com.br\/wp-content\/uploads\/2014\/04\/consultoria-de-imagem-2.jpg 280w, https:\/\/magazine.newbrandtech.com.br\/wp-content\/uploads\/2014\/04\/consultoria-de-imagem-2-199x300.jpg 199w, https:\/\/magazine.newbrandtech.com.br\/wp-content\/uploads\/2014\/04\/consultoria-de-imagem-2-36x55.jpg 36w\" sizes=\"auto, (max-width: 280px) 100vw, 280px\" \/><\/a><figcaption id=\"caption-attachment-43630\" class=\"wp-caption-text\">DEPOIS.<\/figcaption><\/figure>\n<h4>9. Quanto tempo demora?<\/h4>\n<p>Normalmente \u00e9 um processo que demanda cerca de seis encontros.<\/p>\n<h4>10. Quando acabar, vou conseguir me virar sozinho?<\/h4>\n<p>Certamente. O ideal \u00e9 que voc\u00ea encare tudo como um processo que depende de exerc\u00edcio di\u00e1rio, do seu esfor\u00e7o em educar o olhar e experimentar. Experimentar, sempre, olhar em volta. E se voc\u00ea se sentir inseguro, h\u00e1 a possibilidade de acompanhamento via Whatsapp.<\/p>\n<h4>11. Vou precisar de &#8220;manuten\u00e7\u00e3o&#8221;? De quanto em quanto tempo?<\/h4>\n<p>Isso quem decide \u00e9 voc\u00ea! Quando a vida muda, a gente muda junto com ela e talvez voc\u00ea sinta a necessidade de procurar ajuda para essa mudan\u00e7a. Mas pense nisso como um investimento sem igual na maneira como voc\u00ea se apresenta.<\/p>\n<h4>12. O Consultor de Imagem pode ser contratado para aulas de etiqueta, por exemplo?<\/h4>\n<p>Dependendo do profissional, sim! H\u00e1 tamb\u00e9m a possibilidade de orienta\u00e7\u00e3o para falar em p\u00fablico e lidar com a imprensa (media training), demanda bem comum entre os grande empres\u00e1rios. Eu atendo esse tipo de demanda.<\/p>\n<h4>13. Posso te contratar para\u00a0me ajudar com a roupa do meu casamento?<\/h4>\n<p>Sim! Esse \u00e9 um dos jobs que mais adoro fazer! J\u00e1 vesti muitos e muitos noivos.<\/p>\n<h4>14. E se eu quiser apenas mudar meu corte de cabelo ou escolher uma nova arma\u00e7\u00e3o de \u00f3culos?<\/h4>\n<p>Voc\u00ea pode contratar a <strong>An\u00e1lise de Formato de Rosto<\/strong>. Clique <strong><a href=\"https:\/\/www.magazine.newbrandtech.com.br\/peca-sua-analise-de-formato-de-rosto\/\" target=\"_blank\" rel=\"noopener noreferrer\">aqui<\/a>\u00a0<\/strong>para saber mais!<\/p>\n<h4>15. Moro em outra cidade. Voc\u00ea atende virtualmente?<\/h4>\n<p>SIM! Desenvolvi 3 pacotes para atendimentos a dist\u00e2ncia e tem dado MUITO certo. J\u00e1 atendi dezenas de clientes desse modo.<\/p>\n<h4>16. Voc\u00ea atende MULHERES?<\/h4>\n<p>Sim, atendo. Tenho atendido e gostado cada vez mais!<\/p>\n<h4>17. \u00a0Custa caro?<\/h4>\n<p>H\u00e1 muita lenda em torno do que se cobra por uma consultoria&#8230; E tem muita gente por a\u00ed sem a menor capacita\u00e7\u00e3o, sem a menor condi\u00e7\u00e3o t\u00e9cnica, trabalhando como Consultor de Imagem e, como quase tudo na vida, o barato demais acaba saindo caro. Vamos pensar nisso como um investimento na sua apar\u00eancia, na sua imagem pessoal e no modo como voc\u00ea se apresenta para o mundo? Essas caracter\u00edsticas fazem da Consultoria de Imagem um servi\u00e7o personalizado, que exige tempo, knowhow, dedica\u00e7\u00e3o e conhecimento t\u00e9cnico. Estudando as demandas e tentando adequa-las para tornar o servi\u00e7o acess\u00edvel ao maior n\u00famero poss\u00edvel de clientes, <strong>desenvolvi tr\u00eas pacotes e a partir de R$ 660 podemos come\u00e7ar nossa caminhada em dire\u00e7\u00e3o \u00e0s mudan\u00e7as que voc\u00ea deseja.<\/strong> H\u00e1 op\u00e7\u00f5es, inclusive, de readequa\u00e7\u00e3o e de cria\u00e7\u00e3o de <strong>novos arranjos com as roupas que voc\u00ea j\u00e1 tem<\/strong>, sem a necessidade de adquirir novas pe\u00e7as. Que tal? Entre em contato comigo para maiores informa\u00e7\u00f5es sobre outros pacotes e valores. <strong>marcia@mistermag.com.br<\/strong><\/p>\n<h4>18. Quais s\u00e3o as formas de pagamento dos pacotes?<\/h4>\n<p class=\"font_7\">Podemos dividir em 4x dependendo do pacote ou conceder um desconto a vista, mas n\u00e3o se preocupe: conversando a gente sempre se entende. \ud83d\ude09<\/p>\n<p>&nbsp;<\/p>\n","protected":false},"excerpt":{"rendered":"<p>Aqui voc\u00ea encontra tudo o que sempre quis saber sobre consultoria de imagem<\/p>\n","protected":false},"author":3,"featured_media":0,"parent":0,"menu_order":0,"comment_status":"closed","ping_status":"closed","template":"","meta":{"spay_email":"","footnotes":""},"class_list":["post-45982","page","type-page","status-publish","hentry"],"yoast_head":"<!-- This site is optimized with the Yoast SEO plugin v16.4 - https:\/\/yoast.com\/wordpress\/plugins\/seo\/ -->\n<title>Transforme a sua apar\u00eancia - Mistermagazine<\/title>\n<meta name=\"description\" content=\"Encontre seu estilo e mude a sua imagem sem gastar uma fortuna. Sou especializada em consultoria de imagem e estilo para homens.\" \/>\n<meta name=\"robots\" content=\"index, follow, max-snippet:-1, max-image-preview:large, max-video-preview:-1\" \/>\n<link rel=\"canonical\" href=\"https:\/\/www.mistermagazine.com.br\/contrate-a-consultoria-de-imagem-masculina\/\" \/>\n<meta property=\"og:locale\" content=\"pt_BR\" \/>\n<meta property=\"og:type\" content=\"article\" \/>\n<meta property=\"og:title\" content=\"Transforme a sua apar\u00eancia - Mistermagazine\" \/>\n<meta property=\"og:description\" content=\"Encontre seu estilo e mude a sua imagem sem gastar uma fortuna. Sou especializada em consultoria de imagem e estilo para homens.\" \/>\n<meta property=\"og:url\" content=\"https:\/\/www.mistermagazine.com.br\/contrate-a-consultoria-de-imagem-masculina\/\" \/>\n<meta property=\"og:site_name\" content=\"Mistermagazine\" \/>\n<meta property=\"article:publisher\" content=\"https:\/\/www.facebook.com\/Mistermagazinebr\/\" \/>\n<meta property=\"article:modified_time\" content=\"2019-03-05T01:34:10+00:00\" \/>\n<meta property=\"og:image\" content=\"https:\/\/www.mistermagazine.com.br\/wp-content\/uploads\/2019\/02\/abre-costume-sem-gravata.jpg\" \/>\n<meta name=\"twitter:label1\" content=\"Est. tempo de leitura\" \/>\n\t<meta name=\"twitter:data1\" content=\"6 minutos\" \/>\n<script type=\"application\/ld+json\" class=\"yoast-schema-graph\">{\"@context\":\"https:\/\/schema.org\",\"@graph\":[{\"@type\":\"WebSite\",\"@id\":\"https:\/\/www.mistermagazine.com.br\/#website\",\"url\":\"https:\/\/www.mistermagazine.com.br\/\",\"name\":\"Mistermagazine\",\"description\":\"Consultoria de imagem e guia de estilo para homens\",\"potentialAction\":[{\"@type\":\"SearchAction\",\"target\":\"https:\/\/www.mistermagazine.com.br\/?s={search_term_string}\",\"query-input\":\"required name=search_term_string\"}],\"inLanguage\":\"pt-BR\"},{\"@type\":\"ImageObject\",\"@id\":\"https:\/\/www.mistermagazine.com.br\/contrate-a-consultoria-de-imagem-masculina\/#primaryimage\",\"inLanguage\":\"pt-BR\",\"url\":\"https:\/\/www.magazine.newbrandtech.com.br\/wp-content\/uploads\/2019\/02\/abre-costume-sem-gravata.jpg\",\"contentUrl\":\"https:\/\/www.magazine.newbrandtech.com.br\/wp-content\/uploads\/2019\/02\/abre-costume-sem-gravata.jpg\"},{\"@type\":\"WebPage\",\"@id\":\"https:\/\/www.mistermagazine.com.br\/contrate-a-consultoria-de-imagem-masculina\/#webpage\",\"url\":\"https:\/\/www.mistermagazine.com.br\/contrate-a-consultoria-de-imagem-masculina\/\",\"name\":\"Transforme a sua apar\\u00eancia - Mistermagazine\",\"isPartOf\":{\"@id\":\"https:\/\/www.mistermagazine.com.br\/#website\"},\"primaryImageOfPage\":{\"@id\":\"https:\/\/www.mistermagazine.com.br\/contrate-a-consultoria-de-imagem-masculina\/#primaryimage\"},\"datePublished\":\"2016-04-25T20:06:20+00:00\",\"dateModified\":\"2019-03-05T01:34:10+00:00\",\"description\":\"Encontre seu estilo e mude a sua imagem sem gastar uma fortuna. Sou especializada em consultoria de imagem e estilo para homens.\",\"breadcrumb\":{\"@id\":\"https:\/\/www.mistermagazine.com.br\/contrate-a-consultoria-de-imagem-masculina\/#breadcrumb\"},\"inLanguage\":\"pt-BR\",\"potentialAction\":[{\"@type\":\"ReadAction\",\"target\":[\"https:\/\/www.mistermagazine.com.br\/contrate-a-consultoria-de-imagem-masculina\/\"]}]},{\"@type\":\"BreadcrumbList\",\"@id\":\"https:\/\/www.mistermagazine.com.br\/contrate-a-consultoria-de-imagem-masculina\/#breadcrumb\",\"itemListElement\":[{\"@type\":\"ListItem\",\"position\":1,\"item\":{\"@type\":\"WebPage\",\"@id\":\"https:\/\/www.mistermagazine.com.br\/\",\"url\":\"https:\/\/www.mistermagazine.com.br\/\",\"name\":\"In\\u00edcio\"}},{\"@type\":\"ListItem\",\"position\":2,\"item\":{\"@id\":\"https:\/\/www.mistermagazine.com.br\/contrate-a-consultoria-de-imagem-masculina\/#webpage\"}}]}]}<\/script>\n<!-- \/ Yoast SEO plugin. -->","jetpack_shortlink":"https:\/\/wp.me\/P9wdid-bXE","jetpack_likes_enabled":true,"jetpack-related-posts":[],"jetpack_sharing_enabled":true,"amp_enabled":true,"_links":{"self":[{"href":"https:\/\/magazine.newbrandtech.com.br\/index.php?rest_route=\/wp\/v2\/pages\/45982","targetHints":{"allow":["GET"]}}],"collection":[{"href":"https:\/\/magazine.newbrandtech.com.br\/index.php?rest_route=\/wp\/v2\/pages"}],"about":[{"href":"https:\/\/magazine.newbrandtech.com.br\/index.php?rest_route=\/wp\/v2\/types\/page"}],"author":[{"embeddable":true,"href":"https:\/\/magazine.newbrandtech.com.br\/index.php?rest_route=\/wp\/v2\/users\/3"}],"replies":[{"embeddable":true,"href":"https:\/\/magazine.newbrandtech.com.br\/index.php?rest_route=%2Fwp%2Fv2%2Fcomments&post=45982"}],"version-history":[{"count":0,"href":"https:\/\/magazine.newbrandtech.com.br\/index.php?rest_route=\/wp\/v2\/pages\/45982\/revisions"}],"wp:attachment":[{"href":"https:\/\/magazine.newbrandtech.com.br\/index.php?rest_route=%2Fwp%2Fv2%2Fmedia&parent=45982"}],"curies":[{"name":"wp","href":"https:\/\/api.w.org\/{rel}","templated":true}]}}